{"id":8866,"date":"2015-05-03T21:30:51","date_gmt":"2015-05-03T19:30:51","guid":{"rendered":"http:\/\/www.bmscience.net\/blog\/?page_id=8866"},"modified":"2025-04-30T17:52:22","modified_gmt":"2025-04-30T15:52:22","slug":"chisiamo","status":"publish","type":"page","link":"https:\/\/www.bmscience.net\/blog\/chisiamo\/","title":{"rendered":"Chi Siamo"},"content":{"rendered":"\n<p>Il progetto Bald Mountain nasce dall&#8217;idea di Stefano e Raffaele Cocomazzi, che volevano creare un sito web sulla scienza semplice e chiaro, in modo che tutti possano avvicinarsi sempre pi\u00f9 a questa disciplina.<\/p>\n\n\n\n<p>Tutt&#8217;ora una grossa parte dei visitatori \u00e8 composta da giovani, quindi si pu\u00f2 dire che Bald Mountain Science \u00e8 fatto dai giovani per i giovani.<\/p>\n\n\n\n<p>Siamo in cerca di autori appassionati come noi per la scienza, se sei interessato a scrivere contattaci tramite e-mail o iscriviti direttamente al blog, cos\u00ec potrai iniziare a scrivere le tue bozze.<\/p>\n\n\n\n<h3 id=\"rtoc-1\"  class=\"wp-block-heading\">Lo Staff:<\/h3>\n\n\n\n<p><strong><a href=\"http:\/\/www.bmscience.net\/blog\/author\/stefano\/\">Stefano<\/a>: Programmatore, Amministratore e Autore<\/strong><\/p>\n\n\n\n<p><strong><a href=\"http:\/\/www.bmscience.net\/blog\/author\/raffaele\/\">Raffaele<\/a>: Amministratore e Autore<\/strong><\/p>\n\n\n\n<p><strong><a href=\"http:\/\/www.bmscience.net\/blog\/author\/cecilia\/\">Cecilia<\/a>: Autrice<\/strong><\/p>\n\n\n\n<h3 id=\"rtoc-2\"  class=\"wp-block-heading\">Contatti:<\/h3>\n\n\n\n<p>Potete contattarci via Social oppure all&#8217;indirizzo<\/p>\n\n\n\n<p><span style=\"text-decoration: underline;\">bmscience.net@gmail.com<\/span><ins class=\"adsbygoogle\" style=\"display: block;\" data-ad-client=\"ca-pub-3495866718878812\" data-ad-slot=\"6952652483\" data-ad-format=\"auto\"><\/ins><\/p>\n\n\n<div id=\"bmscience3650930719\" style=\"margin-top: 15px;margin-bottom: 15px;margin-left: auto;margin-right: auto;text-align: center;\"><a href=\"https:\/\/amzn.to\/4mGYbGw\" target=\"_blank\" aria-label=\"Screenshot 2025-08-31 093844\"><img loading=\"lazy\" decoding=\"async\" src=\"https:\/\/www.bmscience.net\/blog\/wp-content\/uploads\/2025\/08\/Screenshot-2025-08-31-093844.png\" alt=\"\"  srcset=\"https:\/\/www.bmscience.net\/blog\/wp-content\/uploads\/2025\/08\/Screenshot-2025-08-31-093844.png 1471w, https:\/\/www.bmscience.net\/blog\/wp-content\/uploads\/2025\/08\/Screenshot-2025-08-31-093844-300x59.png 300w, https:\/\/www.bmscience.net\/blog\/wp-content\/uploads\/2025\/08\/Screenshot-2025-08-31-093844-1024x203.png 1024w, https:\/\/www.bmscience.net\/blog\/wp-content\/uploads\/2025\/08\/Screenshot-2025-08-31-093844-768x152.png 768w\" sizes=\"auto, (max-width: 1471px) 100vw, 1471px\" width=\"1471\" height=\"291\"  style=\"display: inline-block;\" \/><\/a><\/div>","protected":false},"excerpt":{"rendered":"<p>Il progetto Bald Mountain nasce dall&#8217;idea di Stefano e Raffaele Cocomazzi, che volevano creare un sito web sulla scienza semplice e chiaro, in modo che tutti possano avvicinarsi sempre pi\u00f9 a questa disciplina. Tutt&#8217;ora una grossa parte dei visitatori \u00e8 composta da giovani, quindi si pu\u00f2 dire che Bald Mountain Science \u00e8 fatto dai giovani&hellip;<\/p>\n<p class=\"more\"><a class=\"more-link\" href=\"https:\/\/www.bmscience.net\/blog\/chisiamo\/\">Continue reading <span class=\"screen-reader-text\">Chi Siamo<\/span><\/a><\/p>\n","protected":false},"author":1,"featured_media":0,"parent":0,"menu_order":0,"comment_status":"closed","ping_status":"closed","template":"","meta":{"advgb_blocks_editor_width":"","advgb_blocks_columns_visual_guide":"","footnotes":""},"class_list":["post-8866","page","type-page","status-publish","hentry","entry"],"coauthors":[],"author_meta":{"author_link":"https:\/\/www.bmscience.net\/blog\/author\/user\/","display_name":"Admin"},"relative_dates":{"created":"Pubblicato 11 anni fa","modified":"Aggiornato 12 mesi fa"},"absolute_dates":{"created":"Pubblicato il 03\/05\/2015","modified":"Aggiornato il 30\/04\/2025"},"absolute_dates_time":{"created":"Pubblicato il 03\/05\/2015 21:30","modified":"Aggiornato il 30\/04\/2025 17:52"},"featured_img_caption":"","featured_img":false,"series_order":"","_links":{"self":[{"href":"https:\/\/www.bmscience.net\/blog\/wp-json\/wp\/v2\/pages\/8866","targetHints":{"allow":["GET"]}}],"collection":[{"href":"https:\/\/www.bmscience.net\/blog\/wp-json\/wp\/v2\/pages"}],"about":[{"href":"https:\/\/www.bmscience.net\/blog\/wp-json\/wp\/v2\/types\/page"}],"author":[{"embeddable":true,"href":"https:\/\/www.bmscience.net\/blog\/wp-json\/wp\/v2\/users\/1"}],"replies":[{"embeddable":true,"href":"https:\/\/www.bmscience.net\/blog\/wp-json\/wp\/v2\/comments?post=8866"}],"version-history":[{"count":1,"href":"https:\/\/www.bmscience.net\/blog\/wp-json\/wp\/v2\/pages\/8866\/revisions"}],"predecessor-version":[{"id":23239,"href":"https:\/\/www.bmscience.net\/blog\/wp-json\/wp\/v2\/pages\/8866\/revisions\/23239"}],"wp:attachment":[{"href":"https:\/\/www.bmscience.net\/blog\/wp-json\/wp\/v2\/media?parent=8866"}],"curies":[{"name":"wp","href":"https:\/\/api.w.org\/{rel}","templated":true}]}}